{"id":138,"date":"2020-03-29T13:46:48","date_gmt":"2020-03-29T13:46:48","guid":{"rendered":"https:\/\/drakciger.com\/?page_id=138"},"modified":"2020-12-22T05:48:40","modified_gmt":"2020-12-22T05:48:40","slug":"hakkimda","status":"publish","type":"page","link":"https:\/\/drakciger.com\/?page_id=138","title":{"rendered":"Hakk\u0131mda"},"content":{"rendered":"\t\t<div data-elementor-type=\"wp-page\" data-elementor-id=\"138\" class=\"elementor elementor-138\">\n\t\t\t\t\t\t<section class=\"elementor-section elementor-top-section elementor-element elementor-element-53b488a elementor-section-boxed elementor-section-height-default elementor-section-height-default\" data-id=\"53b488a\" data-element_type=\"section\" data-e-type=\"section\">\n\t\t\t\t\t\t<div class=\"elementor-container elementor-column-gap-default\">\n\t\t\t\t\t<div class=\"elementor-column elementor-col-100 elementor-top-column elementor-element elementor-element-d625bff\" data-id=\"d625bff\" data-element_type=\"column\" data-e-type=\"column\">\n\t\t\t<div class=\"elementor-widget-wrap elementor-element-populated\">\n\t\t\t\t\t\t<div class=\"elementor-element elementor-element-1ee281b elementor-widget elementor-widget-heading\" data-id=\"1ee281b\" data-element_type=\"widget\" data-e-type=\"widget\" data-widget_type=\"heading.default\">\n\t\t\t\t<div class=\"elementor-widget-container\">\n\t\t\t\t\t<h2 class=\"elementor-heading-title elementor-size-default\">Dr. G\u00fcrkan Ertu\u011frul<\/h2>\t\t\t\t<\/div>\n\t\t\t\t<\/div>\n\t\t\t\t\t<\/div>\n\t\t<\/div>\n\t\t\t\t\t<\/div>\n\t\t<\/section>\n\t\t\t\t<section class=\"elementor-section elementor-top-section elementor-element elementor-element-49b07aa elementor-section-full_width elementor-section-height-default elementor-section-height-default\" data-id=\"49b07aa\" data-element_type=\"section\" data-e-type=\"section\">\n\t\t\t\t\t\t<div class=\"elementor-container elementor-column-gap-default\">\n\t\t\t\t\t<div class=\"elementor-column elementor-col-100 elementor-top-column elementor-element elementor-element-04f8917\" data-id=\"04f8917\" data-element_type=\"column\" data-e-type=\"column\">\n\t\t\t<div class=\"elementor-widget-wrap elementor-element-populated\">\n\t\t\t\t\t\t<div class=\"elementor-element elementor-element-227f464 elementor-widget elementor-widget-text-editor\" data-id=\"227f464\" data-element_type=\"widget\" data-e-type=\"widget\" data-widget_type=\"text-editor.default\">\n\t\t\t\t<div class=\"elementor-widget-container\">\n\t\t\t\t\t\t\t\t\t<p><a href=\"https:\/\/www.youtube.com\/watch?v=jVhXSt3WMJo\"><img fetchpriority=\"high\" decoding=\"async\" class=\"size-medium wp-image-141 alignleft\" src=\"https:\/\/drakciger.com\/2\/wp-content\/uploads\/2020\/03\/gurkan-300x169.jpg\" alt=\"\" width=\"300\" height=\"169\" srcset=\"https:\/\/drakciger.com\/wp-content\/uploads\/2020\/03\/gurkan-300x169.jpg 300w, https:\/\/drakciger.com\/wp-content\/uploads\/2020\/03\/gurkan-1024x576.jpg 1024w, https:\/\/drakciger.com\/wp-content\/uploads\/2020\/03\/gurkan-768x432.jpg 768w, https:\/\/drakciger.com\/wp-content\/uploads\/2020\/03\/gurkan.jpg 1280w\" sizes=\"(max-width: 300px) 100vw, 300px\" \/><\/a>Dr. G\u00fcrkan ERTU\u011eRUL, 1965 y\u0131l\u0131nda \u0130zmir\u2019de do\u011fdu. Kar\u015f\u0131yaka Ankara \u0130lkokulu, Saint-Joseph Frans\u0131z Ortaokulu\u2019ndan sonra 1983 y\u0131l\u0131nda \u0130zmir Atat\u00fcrk Lisesi\u2019ni bitirdi. 1983-1989 y\u0131llar\u0131 aras\u0131nda Ege \u00dcniversitesi t\u0131p Fak\u00fcltesi\u2019nde T\u0131p e\u011fitimi ald\u0131.<\/p><p>1990-1991 y\u0131lar\u0131nda \u015eanl\u0131urfa Ceylanp\u0131nar\u2019da mecburi hizmet y\u00fck\u00fcml\u00fcl\u00fc\u011f\u00fcn\u00fc tamamlad\u0131. 1991 y\u0131l\u0131nda \u0130zmir Dr Suat Seren G\u00f6\u011f\u00fcs Hastal\u0131klar\u0131 Hastanesi\u2019nde G\u00d6\u011e\u00dcS HASTALIKLARI ve T\u00dcBERK\u00dcLOZ uzmanl\u0131\u011f\u0131 e\u011fitimine ba\u015flad\u0131.<\/p><p>1995 y\u0131l\u0131nda G\u00d6\u011e\u00dcS HASTALIKLARI ve T\u00dcBERK\u00dcLOZ Uzman\u0131 oldu. Urla Devlet Hastanesi\u2019nde 1996 y\u0131l\u0131nda ilk g\u00f6\u011f\u00fcs hastal\u0131klar\u0131 poliklini\u011fini kurdu. 1996-2003 y\u0131llar\u0131 aras\u0131nda ihtisas yapt\u0131\u011f\u0131 \u0130zmir Dr Suat Seren G\u00f6\u011f\u00fcs Hastal\u0131klar\u0131 Hastanesi\u2019nde Ba\u015fasistan olarak \u00e7e\u015fitli kliniklerde \u00e7al\u0131\u015ft\u0131. 2003 y\u0131l\u0131nda kamu g\u00f6revinden ayr\u0131larak \u00d6zel Ege Sa\u011fl\u0131k Hastanesi\u2019nde G\u00f6\u011f\u00fcs Hastal\u0131klar\u0131 Klini\u011fi\u2019ni kurdu ve Genel Yo\u011fun Bak\u0131m Direkt\u00f6rl\u00fc\u011f\u00fc\u2019ne ba\u015flad\u0131.<\/p><p>2006-2008 y\u0131llar\u0131 aras\u0131nda ayn\u0131 kurumda Kalite Y\u00f6neticili\u011fi- Uluslararas\u0131 Akreditasyon Proje Direkt\u00f6r\u00fc olarak g\u00f6rev yapt\u0131. 2009 y\u0131l\u0131ndan itibaren \u0130zmir Alsancak\u2019ta serbest muyenehane hekimi olarak \u00e7al\u0131\u015fmaktad\u0131r.<\/p><p>Yurti\u00e7i ve yurtd\u0131\u015f\u0131nda yay\u0131nlanm\u0131\u015f makale ve olgu sunumlar\u0131 ile kitapta b\u00f6l\u00fcm\u00fc bulunmaktad\u0131r. \u0130zmir Tabip Odas\u0131 yan\u0131 s\u0131ra G\u00f6\u011f\u00fcs Hastal\u0131klar\u0131, Akci\u011fer Kanseri\u00a0 ve Uyku T\u0131bb\u0131 konusunda mesleki derneklerin ve sosyal derneklerin aktif \u00fcyesidir.<\/p><p>\u00d6zel mesleki ilgi alanlar\u0131; giri\u015fimsel bronkoskopi ve tan\u0131 y\u00f6ntemleri, uykuda solunum bozukluklar\u0131, yo\u011fun bak\u0131m, ast\u0131m ve kronik obstr\u00fcktif akci\u011fer hastal\u0131klar\u0131d\u0131r.Evli ve iki \u00e7ocuk babas\u0131d\u0131r. Denize ve do\u011faya olan tutkusu hala devam etmektedir.<\/p><div>\u00a0<\/div>\t\t\t\t\t\t\t\t<\/div>\n\t\t\t\t<\/div>\n\t\t\t\t\t<\/div>\n\t\t<\/div>\n\t\t\t\t\t<\/div>\n\t\t<\/section>\n\t\t\t\t<\/div>\n\t\t","protected":false},"excerpt":{"rendered":"<p>Dr. G\u00fcrkan Ertu\u011frul Dr. G\u00fcrkan ERTU\u011eRUL, 1965 y\u0131l\u0131nda \u0130zmir\u2019de do\u011fdu. Kar\u015f\u0131yaka Ankara \u0130lkokulu, Saint-Joseph Frans\u0131z Ortaokulu\u2019ndan sonra 1983 y\u0131l\u0131nda \u0130zmir Atat\u00fcrk Lisesi\u2019ni bitirdi. 1983-1989 y\u0131llar\u0131 aras\u0131nda Ege \u00dcniversitesi t\u0131p Fak\u00fcltesi\u2019nde T\u0131p e\u011fitimi ald\u0131. 1990-1991 y\u0131lar\u0131nda \u015eanl\u0131urfa Ceylanp\u0131nar\u2019da mecburi hizmet y\u00fck\u00fcml\u00fcl\u00fc\u011f\u00fcn\u00fc <\/p>\n<div class=\"more-button\"><a href=\"https:\/\/drakciger.com\/?page_id=138 \">Continue<\/a><\/div>\n","protected":false},"author":1,"featured_media":0,"parent":0,"menu_order":0,"comment_status":"closed","ping_status":"closed","template":"","meta":{"footnotes":""},"class_list":["post-138","page","type-page","status-publish","hentry"],"yoast_head":"<!-- This site is optimized with the Yoast SEO plugin v27.5 - https:\/\/yoast.com\/product\/yoast-seo-wordpress\/ -->\n<title>Hakk\u0131mda - Dr. G\u00fcrkan ERTU\u011eRUL<\/title>\n<meta name=\"robots\" content=\"index, follow, max-snippet:-1, max-image-preview:large, max-video-preview:-1\" \/>\n<link rel=\"canonical\" href=\"https:\/\/drakciger.com\/?page_id=138\" \/>\n<meta property=\"og:locale\" content=\"tr_TR\" \/>\n<meta property=\"og:type\" content=\"article\" \/>\n<meta property=\"og:title\" content=\"Hakk\u0131mda - Dr. G\u00fcrkan ERTU\u011eRUL\" \/>\n<meta property=\"og:description\" content=\"Dr. G\u00fcrkan Ertu\u011frul Dr. G\u00fcrkan ERTU\u011eRUL, 1965 y\u0131l\u0131nda \u0130zmir\u2019de do\u011fdu. Kar\u015f\u0131yaka Ankara \u0130lkokulu, Saint-Joseph Frans\u0131z Ortaokulu\u2019ndan sonra 1983 y\u0131l\u0131nda \u0130zmir Atat\u00fcrk Lisesi\u2019ni bitirdi. 1983-1989 y\u0131llar\u0131 aras\u0131nda Ege \u00dcniversitesi t\u0131p Fak\u00fcltesi\u2019nde T\u0131p e\u011fitimi ald\u0131. 1990-1991 y\u0131lar\u0131nda \u015eanl\u0131urfa Ceylanp\u0131nar\u2019da mecburi hizmet y\u00fck\u00fcml\u00fcl\u00fc\u011f\u00fcn\u00fc\" \/>\n<meta property=\"og:url\" content=\"https:\/\/drakciger.com\/?page_id=138\" \/>\n<meta property=\"og:site_name\" content=\"Dr. G\u00fcrkan ERTU\u011eRUL\" \/>\n<meta property=\"article:modified_time\" content=\"2020-12-22T05:48:40+00:00\" \/>\n<meta property=\"og:image\" content=\"https:\/\/drakciger.com\/wp-content\/uploads\/2020\/03\/gurkan-300x169.jpg\" \/>\n<meta name=\"twitter:card\" content=\"summary_large_image\" \/>\n<meta name=\"twitter:label1\" content=\"Tahmini okuma s\u00fcresi\" \/>\n\t<meta name=\"twitter:data1\" content=\"2 dakika\" \/>\n<script type=\"application\/ld+json\" class=\"yoast-schema-graph\">{\"@context\":\"https:\\\/\\\/schema.org\",\"@graph\":[{\"@type\":\"WebPage\",\"@id\":\"https:\\\/\\\/drakciger.com\\\/?page_id=138\",\"url\":\"https:\\\/\\\/drakciger.com\\\/?page_id=138\",\"name\":\"Hakk\u0131mda - Dr. G\u00fcrkan ERTU\u011eRUL\",\"isPartOf\":{\"@id\":\"https:\\\/\\\/drakciger.com\\\/#website\"},\"primaryImageOfPage\":{\"@id\":\"https:\\\/\\\/drakciger.com\\\/?page_id=138#primaryimage\"},\"image\":{\"@id\":\"https:\\\/\\\/drakciger.com\\\/?page_id=138#primaryimage\"},\"thumbnailUrl\":\"https:\\\/\\\/drakciger.com\\\/wp-content\\\/uploads\\\/2020\\\/03\\\/gurkan-300x169.jpg\",\"datePublished\":\"2020-03-29T13:46:48+00:00\",\"dateModified\":\"2020-12-22T05:48:40+00:00\",\"breadcrumb\":{\"@id\":\"https:\\\/\\\/drakciger.com\\\/?page_id=138#breadcrumb\"},\"inLanguage\":\"tr\",\"potentialAction\":[{\"@type\":\"ReadAction\",\"target\":[\"https:\\\/\\\/drakciger.com\\\/?page_id=138\"]}]},{\"@type\":\"ImageObject\",\"inLanguage\":\"tr\",\"@id\":\"https:\\\/\\\/drakciger.com\\\/?page_id=138#primaryimage\",\"url\":\"https:\\\/\\\/drakciger.com\\\/wp-content\\\/uploads\\\/2020\\\/03\\\/gurkan.jpg\",\"contentUrl\":\"https:\\\/\\\/drakciger.com\\\/wp-content\\\/uploads\\\/2020\\\/03\\\/gurkan.jpg\",\"width\":1280,\"height\":720},{\"@type\":\"BreadcrumbList\",\"@id\":\"https:\\\/\\\/drakciger.com\\\/?page_id=138#breadcrumb\",\"itemListElement\":[{\"@type\":\"ListItem\",\"position\":1,\"name\":\"Home\",\"item\":\"https:\\\/\\\/drakciger.com\\\/\"},{\"@type\":\"ListItem\",\"position\":2,\"name\":\"Hakk\u0131mda\"}]},{\"@type\":\"WebSite\",\"@id\":\"https:\\\/\\\/drakciger.com\\\/#website\",\"url\":\"https:\\\/\\\/drakciger.com\\\/\",\"name\":\"Dr. G\u00fcrkan ERTU\u011eRUL\",\"description\":\"G\u00f6g\u00fcs Hastal\u0131klar\u0131 ve T\u00fcberk\u00fcloz Uzman\u0131\",\"potentialAction\":[{\"@type\":\"SearchAction\",\"target\":{\"@type\":\"EntryPoint\",\"urlTemplate\":\"https:\\\/\\\/drakciger.com\\\/?s={search_term_string}\"},\"query-input\":{\"@type\":\"PropertyValueSpecification\",\"valueRequired\":true,\"valueName\":\"search_term_string\"}}],\"inLanguage\":\"tr\"}]}<\/script>\n<!-- \/ Yoast SEO plugin. -->","yoast_head_json":{"title":"Hakk\u0131mda - Dr. G\u00fcrkan ERTU\u011eRUL","robots":{"index":"index","follow":"follow","max-snippet":"max-snippet:-1","max-image-preview":"max-image-preview:large","max-video-preview":"max-video-preview:-1"},"canonical":"https:\/\/drakciger.com\/?page_id=138","og_locale":"tr_TR","og_type":"article","og_title":"Hakk\u0131mda - Dr. G\u00fcrkan ERTU\u011eRUL","og_description":"Dr. G\u00fcrkan Ertu\u011frul Dr. G\u00fcrkan ERTU\u011eRUL, 1965 y\u0131l\u0131nda \u0130zmir\u2019de do\u011fdu. Kar\u015f\u0131yaka Ankara \u0130lkokulu, Saint-Joseph Frans\u0131z Ortaokulu\u2019ndan sonra 1983 y\u0131l\u0131nda \u0130zmir Atat\u00fcrk Lisesi\u2019ni bitirdi. 1983-1989 y\u0131llar\u0131 aras\u0131nda Ege \u00dcniversitesi t\u0131p Fak\u00fcltesi\u2019nde T\u0131p e\u011fitimi ald\u0131. 1990-1991 y\u0131lar\u0131nda \u015eanl\u0131urfa Ceylanp\u0131nar\u2019da mecburi hizmet y\u00fck\u00fcml\u00fcl\u00fc\u011f\u00fcn\u00fc","og_url":"https:\/\/drakciger.com\/?page_id=138","og_site_name":"Dr. G\u00fcrkan ERTU\u011eRUL","article_modified_time":"2020-12-22T05:48:40+00:00","og_image":[{"url":"https:\/\/drakciger.com\/wp-content\/uploads\/2020\/03\/gurkan-300x169.jpg","type":"","width":"","height":""}],"twitter_card":"summary_large_image","twitter_misc":{"Tahmini okuma s\u00fcresi":"2 dakika"},"schema":{"@context":"https:\/\/schema.org","@graph":[{"@type":"WebPage","@id":"https:\/\/drakciger.com\/?page_id=138","url":"https:\/\/drakciger.com\/?page_id=138","name":"Hakk\u0131mda - Dr. G\u00fcrkan ERTU\u011eRUL","isPartOf":{"@id":"https:\/\/drakciger.com\/#website"},"primaryImageOfPage":{"@id":"https:\/\/drakciger.com\/?page_id=138#primaryimage"},"image":{"@id":"https:\/\/drakciger.com\/?page_id=138#primaryimage"},"thumbnailUrl":"https:\/\/drakciger.com\/wp-content\/uploads\/2020\/03\/gurkan-300x169.jpg","datePublished":"2020-03-29T13:46:48+00:00","dateModified":"2020-12-22T05:48:40+00:00","breadcrumb":{"@id":"https:\/\/drakciger.com\/?page_id=138#breadcrumb"},"inLanguage":"tr","potentialAction":[{"@type":"ReadAction","target":["https:\/\/drakciger.com\/?page_id=138"]}]},{"@type":"ImageObject","inLanguage":"tr","@id":"https:\/\/drakciger.com\/?page_id=138#primaryimage","url":"https:\/\/drakciger.com\/wp-content\/uploads\/2020\/03\/gurkan.jpg","contentUrl":"https:\/\/drakciger.com\/wp-content\/uploads\/2020\/03\/gurkan.jpg","width":1280,"height":720},{"@type":"BreadcrumbList","@id":"https:\/\/drakciger.com\/?page_id=138#breadcrumb","itemListElement":[{"@type":"ListItem","position":1,"name":"Home","item":"https:\/\/drakciger.com\/"},{"@type":"ListItem","position":2,"name":"Hakk\u0131mda"}]},{"@type":"WebSite","@id":"https:\/\/drakciger.com\/#website","url":"https:\/\/drakciger.com\/","name":"Dr. G\u00fcrkan ERTU\u011eRUL","description":"G\u00f6g\u00fcs Hastal\u0131klar\u0131 ve T\u00fcberk\u00fcloz Uzman\u0131","potentialAction":[{"@type":"SearchAction","target":{"@type":"EntryPoint","urlTemplate":"https:\/\/drakciger.com\/?s={search_term_string}"},"query-input":{"@type":"PropertyValueSpecification","valueRequired":true,"valueName":"search_term_string"}}],"inLanguage":"tr"}]}},"_links":{"self":[{"href":"https:\/\/drakciger.com\/index.php?rest_route=\/wp\/v2\/pages\/138","targetHints":{"allow":["GET"]}}],"collection":[{"href":"https:\/\/drakciger.com\/index.php?rest_route=\/wp\/v2\/pages"}],"about":[{"href":"https:\/\/drakciger.com\/index.php?rest_route=\/wp\/v2\/types\/page"}],"author":[{"embeddable":true,"href":"https:\/\/drakciger.com\/index.php?rest_route=\/wp\/v2\/users\/1"}],"replies":[{"embeddable":true,"href":"https:\/\/drakciger.com\/index.php?rest_route=%2Fwp%2Fv2%2Fcomments&post=138"}],"version-history":[{"count":3,"href":"https:\/\/drakciger.com\/index.php?rest_route=\/wp\/v2\/pages\/138\/revisions"}],"predecessor-version":[{"id":143,"href":"https:\/\/drakciger.com\/index.php?rest_route=\/wp\/v2\/pages\/138\/revisions\/143"}],"wp:attachment":[{"href":"https:\/\/drakciger.com\/index.php?rest_route=%2Fwp%2Fv2%2Fmedia&parent=138"}],"curies":[{"name":"wp","href":"https:\/\/api.w.org\/{rel}","templated":true}]}}