{"id":163,"date":"2020-03-29T14:26:23","date_gmt":"2020-03-29T14:26:23","guid":{"rendered":"https:\/\/drakciger.com\/?page_id=163"},"modified":"2020-12-22T05:48:40","modified_gmt":"2020-12-22T05:48:40","slug":"iletisim","status":"publish","type":"page","link":"https:\/\/drakciger.com\/?page_id=163","title":{"rendered":"\u0130leti\u015fim"},"content":{"rendered":"\t\t<div data-elementor-type=\"wp-page\" data-elementor-id=\"163\" class=\"elementor elementor-163\">\n\t\t\t\t\t\t<section class=\"elementor-section elementor-top-section elementor-element elementor-element-ec0fdba elementor-section-boxed elementor-section-height-default elementor-section-height-default\" data-id=\"ec0fdba\" data-element_type=\"section\" data-e-type=\"section\">\n\t\t\t\t\t\t<div class=\"elementor-container elementor-column-gap-default\">\n\t\t\t\t\t<div class=\"elementor-column elementor-col-100 elementor-top-column elementor-element elementor-element-52793dc\" data-id=\"52793dc\" data-element_type=\"column\" data-e-type=\"column\">\n\t\t\t<div class=\"elementor-widget-wrap elementor-element-populated\">\n\t\t\t\t\t\t<div class=\"elementor-element elementor-element-afaee14 elementor-widget elementor-widget-text-editor\" data-id=\"afaee14\" data-element_type=\"widget\" data-e-type=\"widget\" data-widget_type=\"text-editor.default\">\n\t\t\t\t<div class=\"elementor-widget-container\">\n\t\t\t\t\t\t\t\t\t<p><strong>D<\/strong><strong>r. G\u00fc<\/strong><strong>rkan ERTU\u011eRUL<br \/><\/strong><strong>G\u00f6\u011f\u00fcs Hastal\u0131klar\u0131 ve T\u00fcberk\u00fcloz Uzman\u0131<\/strong><\/p><p>Mimar Sinan Mah 1394 sokak no.11 <br \/>Sa\u011fl\u0131k Merkezi Apt.\u00a0 Kat:3 Daire:7 <br \/>Alsancak \u0130zmir<\/p><p><strong>Tel: <\/strong> +90 232 4644272<br \/><strong>Faks<\/strong>: +90 232 4644215<\/p><p><strong>E-posta:<\/strong> <a href=\"mailto:bilgi@drakciger.com\">bilgi@drakciger.com<\/a><\/p>\t\t\t\t\t\t\t\t<\/div>\n\t\t\t\t<\/div>\n\t\t\t\t\t<\/div>\n\t\t<\/div>\n\t\t\t\t\t<\/div>\n\t\t<\/section>\n\t\t\t\t<section class=\"elementor-section elementor-top-section elementor-element elementor-element-dcb2665 elementor-section-boxed elementor-section-height-default elementor-section-height-default\" data-id=\"dcb2665\" data-element_type=\"section\" data-e-type=\"section\">\n\t\t\t\t\t\t<div class=\"elementor-container elementor-column-gap-default\">\n\t\t\t\t\t<div class=\"elementor-column elementor-col-100 elementor-top-column elementor-element elementor-element-fd9ab13\" data-id=\"fd9ab13\" data-element_type=\"column\" data-e-type=\"column\">\n\t\t\t<div class=\"elementor-widget-wrap elementor-element-populated\">\n\t\t\t\t\t\t<div class=\"elementor-element elementor-element-f70da2c elementor-widget elementor-widget-text-editor\" data-id=\"f70da2c\" data-element_type=\"widget\" data-e-type=\"widget\" data-widget_type=\"text-editor.default\">\n\t\t\t\t<div class=\"elementor-widget-container\">\n\t\t\t\t\t\t\t\t\t\n<div class=\"wpcf7 no-js\" id=\"wpcf7-f4-o1\" lang=\"tr-TR\" dir=\"ltr\" data-wpcf7-id=\"4\">\n<div class=\"screen-reader-response\"><p role=\"status\" aria-live=\"polite\" aria-atomic=\"true\"><\/p> <ul><\/ul><\/div>\n<form action=\"\/index.php?rest_route=%2Fwp%2Fv2%2Fpages%2F163#wpcf7-f4-o1\" method=\"post\" class=\"wpcf7-form init\" aria-label=\"\u0130leti\u015fim Formu\" novalidate=\"novalidate\" data-status=\"init\">\n<fieldset class=\"hidden-fields-container\"><input type=\"hidden\" name=\"_wpcf7\" value=\"4\" \/><input type=\"hidden\" name=\"_wpcf7_version\" value=\"6.1.5\" \/><input type=\"hidden\" name=\"_wpcf7_locale\" value=\"tr_TR\" \/><input type=\"hidden\" name=\"_wpcf7_unit_tag\" value=\"wpcf7-f4-o1\" \/><input type=\"hidden\" name=\"_wpcf7_container_post\" value=\"0\" \/><input type=\"hidden\" name=\"_wpcf7_posted_data_hash\" value=\"\" \/>\n<\/fieldset>\n<p><label> Ad\u0131n\u0131z (Gereklidir)<br \/>\n<span class=\"wpcf7-form-control-wrap\" data-name=\"your-name\"><input size=\"40\" maxlength=\"400\" class=\"wpcf7-form-control wpcf7-text wpcf7-validates-as-required\" aria-required=\"true\" aria-invalid=\"false\" value=\"\" type=\"text\" name=\"your-name\" \/><\/span> <\/label>\n<\/p>\n<p><label> E-Posta Adresiniz (Gereklidir)<br \/>\n<span class=\"wpcf7-form-control-wrap\" data-name=\"your-email\"><input size=\"40\" maxlength=\"400\" class=\"wpcf7-form-control wpcf7-email wpcf7-validates-as-required wpcf7-text wpcf7-validates-as-email\" aria-required=\"true\" aria-invalid=\"false\" value=\"\" type=\"email\" name=\"your-email\" \/><\/span> <\/label>\n<\/p>\n<p><label> Telefon Numaran\u0131z<br \/>\n<span class=\"wpcf7-form-control-wrap\" data-name=\"tel\"><input size=\"40\" maxlength=\"400\" class=\"wpcf7-form-control wpcf7-tel wpcf7-validates-as-required wpcf7-text wpcf7-validates-as-tel\" aria-required=\"true\" aria-invalid=\"false\" value=\"\" type=\"tel\" name=\"tel\" \/><\/span> <\/label>\n<\/p>\n<p><label> Konu<br \/>\n<span class=\"wpcf7-form-control-wrap\" data-name=\"your-subject\"><input size=\"40\" maxlength=\"400\" class=\"wpcf7-form-control wpcf7-text\" aria-invalid=\"false\" value=\"\" type=\"text\" name=\"your-subject\" \/><\/span> <\/label>\n<\/p>\n<p><label> Mesaj\u0131n\u0131z<br \/>\n<span class=\"wpcf7-form-control-wrap\" data-name=\"your-message\"><textarea cols=\"40\" rows=\"10\" maxlength=\"2000\" class=\"wpcf7-form-control wpcf7-textarea\" aria-invalid=\"false\" name=\"your-message\"><\/textarea><\/span> <\/label>\n<\/p>\n<p><div id=\"cf7sr-69fa12dfa0015\" class=\"cf7sr-g-recaptcha\" data-theme=\"light\" data-type=\"image\" data-size=\"normal\" data-sitekey=\"6LdljxcpAAAAAAX7_3GmuxIAKcV7ESCszXum_Ih8\"><\/div><span class=\"wpcf7-form-control-wrap cf7sr-recaptcha\" data-name=\"cf7sr-recaptcha\"><input type=\"hidden\" name=\"cf7sr-recaptcha\" value=\"\" class=\"wpcf7-form-control\"><\/span>\n<\/p>\n<p><input class=\"wpcf7-form-control wpcf7-submit has-spinner\" type=\"submit\" value=\"G\u00f6nder\" \/>\n<\/p><div class=\"wpcf7-response-output\" aria-hidden=\"true\"><\/div>\n<\/form>\n<\/div>\n\t\t\t\t\t\t\t\t<\/div>\n\t\t\t\t<\/div>\n\t\t\t\t\t<\/div>\n\t\t<\/div>\n\t\t\t\t\t<\/div>\n\t\t<\/section>\n\t\t\t\t<section class=\"elementor-section elementor-top-section elementor-element elementor-element-6e23d18 elementor-section-boxed elementor-section-height-default elementor-section-height-default\" data-id=\"6e23d18\" data-element_type=\"section\" data-e-type=\"section\">\n\t\t\t\t\t\t<div class=\"elementor-container elementor-column-gap-default\">\n\t\t\t\t\t<div class=\"elementor-column elementor-col-100 elementor-top-column elementor-element elementor-element-569c945\" data-id=\"569c945\" data-element_type=\"column\" data-e-type=\"column\">\n\t\t\t<div class=\"elementor-widget-wrap elementor-element-populated\">\n\t\t\t\t\t\t<div class=\"elementor-element elementor-element-a9a7e06 elementor-widget elementor-widget-google_maps\" data-id=\"a9a7e06\" data-element_type=\"widget\" data-e-type=\"widget\" data-widget_type=\"google_maps.default\">\n\t\t\t\t<div class=\"elementor-widget-container\">\n\t\t\t\t\t\t\t<div class=\"elementor-custom-embed\">\n\t\t\t<iframe loading=\"lazy\"\n\t\t\t\t\tsrc=\"https:\/\/maps.google.com\/maps?q=Mimar%20Sinan%20Mah%201394%20sokak%20no.11%20Sa%C4%9Fl%C4%B1k%20Merkezi%20Apt.%20Izmir&#038;t=m&#038;z=15&#038;output=embed&#038;iwloc=near\"\n\t\t\t\t\ttitle=\"Mimar Sinan Mah 1394 sokak no.11 Sa\u011fl\u0131k Merkezi Apt. Izmir\"\n\t\t\t\t\taria-label=\"Mimar Sinan Mah 1394 sokak no.11 Sa\u011fl\u0131k Merkezi Apt. Izmir\"\n\t\t\t><\/iframe>\n\t\t<\/div>\n\t\t\t\t\t\t<\/div>\n\t\t\t\t<\/div>\n\t\t\t\t\t<\/div>\n\t\t<\/div>\n\t\t\t\t\t<\/div>\n\t\t<\/section>\n\t\t\t\t<section class=\"elementor-section elementor-top-section elementor-element elementor-element-4f6d0cf elementor-section-boxed elementor-section-height-default elementor-section-height-default\" data-id=\"4f6d0cf\" data-element_type=\"section\" data-e-type=\"section\">\n\t\t\t\t\t\t<div class=\"elementor-container elementor-column-gap-default\">\n\t\t\t\t\t<div class=\"elementor-column elementor-col-100 elementor-top-column elementor-element elementor-element-c2f887b\" data-id=\"c2f887b\" data-element_type=\"column\" data-e-type=\"column\">\n\t\t\t<div class=\"elementor-widget-wrap\">\n\t\t\t\t\t\t\t<\/div>\n\t\t<\/div>\n\t\t\t\t\t<\/div>\n\t\t<\/section>\n\t\t\t\t<\/div>\n\t\t","protected":false},"excerpt":{"rendered":"<p>Dr. G\u00fcrkan ERTU\u011eRULG\u00f6\u011f\u00fcs Hastal\u0131klar\u0131 ve T\u00fcberk\u00fcloz Uzman\u0131 Mimar Sinan Mah 1394 sokak no.11 Sa\u011fl\u0131k Merkezi Apt.\u00a0 Kat:3 Daire:7 Alsancak \u0130zmir Tel: +90 232 4644272Faks: +90 232 4644215 E-posta: bilgi@drakciger.com <\/p>\n<div class=\"more-button\"><a href=\"https:\/\/drakciger.com\/?page_id=163 \">Continue<\/a><\/div>\n","protected":false},"author":1,"featured_media":0,"parent":0,"menu_order":0,"comment_status":"closed","ping_status":"closed","template":"","meta":{"footnotes":""},"class_list":["post-163","page","type-page","status-publish","hentry"],"yoast_head":"<!-- This site is optimized with the Yoast SEO plugin v27.5 - https:\/\/yoast.com\/product\/yoast-seo-wordpress\/ -->\n<title>\u0130leti\u015fim - Dr. G\u00fcrkan ERTU\u011eRUL<\/title>\n<meta name=\"robots\" content=\"index, follow, max-snippet:-1, max-image-preview:large, max-video-preview:-1\" \/>\n<link rel=\"canonical\" href=\"https:\/\/drakciger.com\/?page_id=163\" \/>\n<meta property=\"og:locale\" content=\"tr_TR\" \/>\n<meta property=\"og:type\" content=\"article\" \/>\n<meta property=\"og:title\" content=\"\u0130leti\u015fim - Dr. G\u00fcrkan ERTU\u011eRUL\" \/>\n<meta property=\"og:description\" content=\"Dr. G\u00fcrkan ERTU\u011eRULG\u00f6\u011f\u00fcs Hastal\u0131klar\u0131 ve T\u00fcberk\u00fcloz Uzman\u0131 Mimar Sinan Mah 1394 sokak no.11 Sa\u011fl\u0131k Merkezi Apt.\u00a0 Kat:3 Daire:7 Alsancak \u0130zmir Tel: +90 232 4644272Faks: +90 232 4644215 E-posta: bilgi@drakciger.com\" \/>\n<meta property=\"og:url\" content=\"https:\/\/drakciger.com\/?page_id=163\" \/>\n<meta property=\"og:site_name\" content=\"Dr. G\u00fcrkan ERTU\u011eRUL\" \/>\n<meta property=\"article:modified_time\" content=\"2020-12-22T05:48:40+00:00\" \/>\n<meta name=\"twitter:card\" content=\"summary_large_image\" \/>\n<script type=\"application\/ld+json\" class=\"yoast-schema-graph\">{\"@context\":\"https:\\\/\\\/schema.org\",\"@graph\":[{\"@type\":\"WebPage\",\"@id\":\"https:\\\/\\\/drakciger.com\\\/?page_id=163\",\"url\":\"https:\\\/\\\/drakciger.com\\\/?page_id=163\",\"name\":\"\u0130leti\u015fim - Dr. G\u00fcrkan ERTU\u011eRUL\",\"isPartOf\":{\"@id\":\"https:\\\/\\\/drakciger.com\\\/#website\"},\"datePublished\":\"2020-03-29T14:26:23+00:00\",\"dateModified\":\"2020-12-22T05:48:40+00:00\",\"breadcrumb\":{\"@id\":\"https:\\\/\\\/drakciger.com\\\/?page_id=163#breadcrumb\"},\"inLanguage\":\"tr\",\"potentialAction\":[{\"@type\":\"ReadAction\",\"target\":[\"https:\\\/\\\/drakciger.com\\\/?page_id=163\"]}]},{\"@type\":\"BreadcrumbList\",\"@id\":\"https:\\\/\\\/drakciger.com\\\/?page_id=163#breadcrumb\",\"itemListElement\":[{\"@type\":\"ListItem\",\"position\":1,\"name\":\"Home\",\"item\":\"https:\\\/\\\/drakciger.com\\\/\"},{\"@type\":\"ListItem\",\"position\":2,\"name\":\"\u0130leti\u015fim\"}]},{\"@type\":\"WebSite\",\"@id\":\"https:\\\/\\\/drakciger.com\\\/#website\",\"url\":\"https:\\\/\\\/drakciger.com\\\/\",\"name\":\"Dr. G\u00fcrkan ERTU\u011eRUL\",\"description\":\"G\u00f6g\u00fcs Hastal\u0131klar\u0131 ve T\u00fcberk\u00fcloz Uzman\u0131\",\"potentialAction\":[{\"@type\":\"SearchAction\",\"target\":{\"@type\":\"EntryPoint\",\"urlTemplate\":\"https:\\\/\\\/drakciger.com\\\/?s={search_term_string}\"},\"query-input\":{\"@type\":\"PropertyValueSpecification\",\"valueRequired\":true,\"valueName\":\"search_term_string\"}}],\"inLanguage\":\"tr\"}]}<\/script>\n<!-- \/ Yoast SEO plugin. -->","yoast_head_json":{"title":"\u0130leti\u015fim - Dr. G\u00fcrkan ERTU\u011eRUL","robots":{"index":"index","follow":"follow","max-snippet":"max-snippet:-1","max-image-preview":"max-image-preview:large","max-video-preview":"max-video-preview:-1"},"canonical":"https:\/\/drakciger.com\/?page_id=163","og_locale":"tr_TR","og_type":"article","og_title":"\u0130leti\u015fim - Dr. G\u00fcrkan ERTU\u011eRUL","og_description":"Dr. G\u00fcrkan ERTU\u011eRULG\u00f6\u011f\u00fcs Hastal\u0131klar\u0131 ve T\u00fcberk\u00fcloz Uzman\u0131 Mimar Sinan Mah 1394 sokak no.11 Sa\u011fl\u0131k Merkezi Apt.\u00a0 Kat:3 Daire:7 Alsancak \u0130zmir Tel: +90 232 4644272Faks: +90 232 4644215 E-posta: bilgi@drakciger.com","og_url":"https:\/\/drakciger.com\/?page_id=163","og_site_name":"Dr. G\u00fcrkan ERTU\u011eRUL","article_modified_time":"2020-12-22T05:48:40+00:00","twitter_card":"summary_large_image","schema":{"@context":"https:\/\/schema.org","@graph":[{"@type":"WebPage","@id":"https:\/\/drakciger.com\/?page_id=163","url":"https:\/\/drakciger.com\/?page_id=163","name":"\u0130leti\u015fim - Dr. G\u00fcrkan ERTU\u011eRUL","isPartOf":{"@id":"https:\/\/drakciger.com\/#website"},"datePublished":"2020-03-29T14:26:23+00:00","dateModified":"2020-12-22T05:48:40+00:00","breadcrumb":{"@id":"https:\/\/drakciger.com\/?page_id=163#breadcrumb"},"inLanguage":"tr","potentialAction":[{"@type":"ReadAction","target":["https:\/\/drakciger.com\/?page_id=163"]}]},{"@type":"BreadcrumbList","@id":"https:\/\/drakciger.com\/?page_id=163#breadcrumb","itemListElement":[{"@type":"ListItem","position":1,"name":"Home","item":"https:\/\/drakciger.com\/"},{"@type":"ListItem","position":2,"name":"\u0130leti\u015fim"}]},{"@type":"WebSite","@id":"https:\/\/drakciger.com\/#website","url":"https:\/\/drakciger.com\/","name":"Dr. G\u00fcrkan ERTU\u011eRUL","description":"G\u00f6g\u00fcs Hastal\u0131klar\u0131 ve T\u00fcberk\u00fcloz Uzman\u0131","potentialAction":[{"@type":"SearchAction","target":{"@type":"EntryPoint","urlTemplate":"https:\/\/drakciger.com\/?s={search_term_string}"},"query-input":{"@type":"PropertyValueSpecification","valueRequired":true,"valueName":"search_term_string"}}],"inLanguage":"tr"}]}},"_links":{"self":[{"href":"https:\/\/drakciger.com\/index.php?rest_route=\/wp\/v2\/pages\/163","targetHints":{"allow":["GET"]}}],"collection":[{"href":"https:\/\/drakciger.com\/index.php?rest_route=\/wp\/v2\/pages"}],"about":[{"href":"https:\/\/drakciger.com\/index.php?rest_route=\/wp\/v2\/types\/page"}],"author":[{"embeddable":true,"href":"https:\/\/drakciger.com\/index.php?rest_route=\/wp\/v2\/users\/1"}],"replies":[{"embeddable":true,"href":"https:\/\/drakciger.com\/index.php?rest_route=%2Fwp%2Fv2%2Fcomments&post=163"}],"version-history":[{"count":3,"href":"https:\/\/drakciger.com\/index.php?rest_route=\/wp\/v2\/pages\/163\/revisions"}],"predecessor-version":[{"id":231,"href":"https:\/\/drakciger.com\/index.php?rest_route=\/wp\/v2\/pages\/163\/revisions\/231"}],"wp:attachment":[{"href":"https:\/\/drakciger.com\/index.php?rest_route=%2Fwp%2Fv2%2Fmedia&parent=163"}],"curies":[{"name":"wp","href":"https:\/\/api.w.org\/{rel}","templated":true}]}}